{"id":104,"date":"2019-10-22T11:32:44","date_gmt":"2019-10-22T10:32:44","guid":{"rendered":"https:\/\/imapectracesdepierre.wordpress.com\/?page_id=104"},"modified":"2019-10-22T11:32:44","modified_gmt":"2019-10-22T10:32:44","slug":"decouverte-loisirs","status":"publish","type":"page","link":"https:\/\/tracesdepierre.com\/index.php\/decouverte-loisirs\/","title":{"rendered":"Initiation\/D\u00e9couverte"},"content":{"rendered":"\n<div class=\"wp-block-group\"><div class=\"wp-block-group__inner-container is-layout-flow wp-block-group-is-layout-flow\">\n<hr class=\"wp-block-separator has-css-opacity\" \/>\n\n\n\n<p id=\"stage-de-gravure-sur-pierre\"><strong>Stage de d\u00e9couverte et initiation \u00e0 l&#8217;\u00e9maillage sur lave<\/strong><\/p>\n\n\n\n<p id=\"stage-de-gravure-sur-pierre\">Stage 2 jours : les 7 et 8 mars 2026 (complet)<\/p>\n\n\n\n<p><strong><span class=\"uppercase\">Stage de d\u00e9couverte et initiation \u00e0 la gravure sur pierre<\/span><\/strong><\/p>\n\n\n\n<p>Stage de 3 jours : <\/p>\n\n\n\n<p> les 1er, 2 et 3 avril 2026<\/p>\n\n\n\n<p><strong>Stage de d\u00e9couverte et initiation \u00e0 la sculpture sur pierre<\/strong><\/p>\n\n\n\n<p>Stage de 2 jours : les 12 et 13 mars 2026<\/p>\n\n\n\n<p><em>(bulletin d&#8217;inscription sur simple demande par mail tracesdepierre@gmail.com)<\/em><\/p>\n\n\n\n<p><\/p>\n\n\n\n<p><\/p>\n\n\n\n<div class=\"wp-block-jetpack-tiled-gallery aligncenter is-style-rectangular\"><div class=\"tiled-gallery__gallery\"><div class=\"tiled-gallery__row\"><div class=\"tiled-gallery__col\" style=\"flex-basis:64.59217%\"><figure class=\"tiled-gallery__item\"><img decoding=\"async\" alt=\"\" data-height=\"2585\" data-id=\"956\" data-link=\"https:\/\/imapectracesdepierre.wordpress.com\/decouverte-loisirs\/img_20230203_105309-1\/\" data-url=\"https:\/\/imapectracesdepierre.wordpress.com\/wp-content\/uploads\/2023\/09\/img_20230203_105309-1.jpg?w=1024\" data-width=\"3357\" src=\"https:\/\/imapectracesdepierre.wordpress.com\/wp-content\/uploads\/2023\/09\/img_20230203_105309-1.jpg\" \/><\/figure><\/div><div class=\"tiled-gallery__col\" style=\"flex-basis:35.40783%\"><figure class=\"tiled-gallery__item\"><img decoding=\"async\" alt=\"\" data-height=\"3341\" data-id=\"959\" data-link=\"https:\/\/imapectracesdepierre.wordpress.com\/decouverte-loisirs\/img_20230203_105714-1\/\" data-url=\"https:\/\/imapectracesdepierre.wordpress.com\/wp-content\/uploads\/2023\/09\/img_20230203_105714-1.jpg?w=728\" data-width=\"2374\" src=\"https:\/\/imapectracesdepierre.wordpress.com\/wp-content\/uploads\/2023\/09\/img_20230203_105714-1.jpg\" \/><\/figure><\/div><\/div><div class=\"tiled-gallery__row\"><div class=\"tiled-gallery__col\" style=\"flex-basis:66.42880%\"><figure class=\"tiled-gallery__item\"><img decoding=\"async\" alt=\"\" data-height=\"4032\" data-id=\"960\" data-link=\"https:\/\/imapectracesdepierre.wordpress.com\/decouverte-loisirs\/img-0383-1\/\" data-url=\"https:\/\/imapectracesdepierre.wordpress.com\/wp-content\/uploads\/2023\/09\/img-0383-1.jpg?w=768\" data-width=\"3024\" src=\"https:\/\/imapectracesdepierre.wordpress.com\/wp-content\/uploads\/2023\/09\/img-0383-1.jpg\" \/><\/figure><\/div><div class=\"tiled-gallery__col\" style=\"flex-basis:33.57120%\"><figure class=\"tiled-gallery__item\"><img decoding=\"async\" alt=\"\" data-height=\"919\" data-id=\"963\" data-link=\"https:\/\/imapectracesdepierre.wordpress.com\/decouverte-loisirs\/gravure-lettres-1-2\/\" data-url=\"https:\/\/imapectracesdepierre.wordpress.com\/wp-content\/uploads\/2023\/09\/gravure-lettres-1.jpg?w=1024\" data-width=\"1488\" src=\"https:\/\/imapectracesdepierre.wordpress.com\/wp-content\/uploads\/2023\/09\/gravure-lettres-1.jpg\" \/><\/figure><\/div><\/div><\/div><\/div>\n\n\n\n<p><\/p>\n\n\n\n<figure class=\"wp-block-gallery has-nested-images columns-default is-cropped wp-block-gallery-1 is-layout-flex wp-block-gallery-is-layout-flex\">\n<figure class=\"wp-block-image size-large\"><img loading=\"lazy\" decoding=\"async\" width=\"960\" height=\"720\" data-id=\"187\" src=\"https:\/\/imapectracesdepierre.wordpress.com\/wp-content\/uploads\/2019\/10\/66416137_10214835815117712_5565675435431297024_n.jpg?w=825\" alt=\"\" class=\"wp-image-187\" srcset=\"https:\/\/tracesdepierre.com\/wp-content\/uploads\/2019\/10\/66416137_10214835815117712_5565675435431297024_n.jpg 960w, https:\/\/tracesdepierre.com\/wp-content\/uploads\/2019\/10\/66416137_10214835815117712_5565675435431297024_n-300x225.jpg 300w, https:\/\/tracesdepierre.com\/wp-content\/uploads\/2019\/10\/66416137_10214835815117712_5565675435431297024_n-768x576.jpg 768w\" sizes=\"auto, (max-width: 960px) 100vw, 960px\" \/><\/figure>\n\n\n\n<figure class=\"wp-block-image size-large\"><img loading=\"lazy\" decoding=\"async\" width=\"960\" height=\"956\" data-id=\"244\" src=\"https:\/\/imapectracesdepierre.wordpress.com\/wp-content\/uploads\/2019\/10\/66188958_10214835816477746_5255675957410267136_n-2.jpg?w=825\" alt=\"\" class=\"wp-image-244\" srcset=\"https:\/\/tracesdepierre.com\/wp-content\/uploads\/2019\/10\/66188958_10214835816477746_5255675957410267136_n-2.jpg 960w, https:\/\/tracesdepierre.com\/wp-content\/uploads\/2019\/10\/66188958_10214835816477746_5255675957410267136_n-2-300x300.jpg 300w, https:\/\/tracesdepierre.com\/wp-content\/uploads\/2019\/10\/66188958_10214835816477746_5255675957410267136_n-2-150x150.jpg 150w, https:\/\/tracesdepierre.com\/wp-content\/uploads\/2019\/10\/66188958_10214835816477746_5255675957410267136_n-2-768x765.jpg 768w\" sizes=\"auto, (max-width: 960px) 100vw, 960px\" \/><\/figure>\n<\/figure>\n\n\n\n<hr class=\"wp-block-separator has-css-opacity\" \/>\n\n\n\n<h3 id=\"cours-du-samedi-matin\" class=\"wp-block-heading\"><strong>Cours du samedi matin<\/strong><\/h3>\n\n\n\n<p>Depuis pr\u00e8s de 45 ans, l&#8217;\u00e9cole dispense des cours ouverts \u00e0 tous adultes en modelage\/moulage et en taille\/sculpture. Certains \u00e9l\u00e8ves du samedi matin sont fid\u00e8les depuis plus de 15 ans !<\/p>\n\n\n\n<p>Les cours se d\u00e9roulent de d\u00e9but septembre \u00e0 fin juin, chaque samedi matin de 9h \u00e0 12h. L&#8217;inscription est obligatoire. Le co\u00fbt pour une quarantaine de cours \u00e0 l&#8217;ann\u00e9e est de 330 \u20ac.<\/p>\n\n\n\n<figure class=\"wp-block-image size-large\"><img loading=\"lazy\" decoding=\"async\" width=\"1000\" height=\"650\" src=\"https:\/\/imapectracesdepierre.wordpress.com\/wp-content\/uploads\/2019\/10\/atelier-de-sculpture.jpg?w=1000\" alt=\"\" class=\"wp-image-127\" srcset=\"https:\/\/tracesdepierre.com\/wp-content\/uploads\/2019\/10\/atelier-de-sculpture.jpg 1000w, https:\/\/tracesdepierre.com\/wp-content\/uploads\/2019\/10\/atelier-de-sculpture-300x195.jpg 300w, https:\/\/tracesdepierre.com\/wp-content\/uploads\/2019\/10\/atelier-de-sculpture-768x499.jpg 768w\" sizes=\"auto, (max-width: 1000px) 100vw, 1000px\" \/><\/figure>\n\n\n\n<hr class=\"wp-block-separator has-css-opacity\" \/>\n\n\n\n<h3 id=\"stage-a-la-demande\" class=\"wp-block-heading\">Stage \u00e0 la demande<\/h3>\n<\/div><\/div>\n\n\n\n<p class=\"has-normal-font-size\">Vous souhaitez vous former ou former vos collaborateurs, l&#8217;<strong>Imapec<\/strong> \u00e9tudie toute demande et peut vous proposer une formation adapt\u00e9e \u00e0 vos besoins ou vos attentes. <br> <strong>Pour plus d&#8217;infos : <a href=\"mailto:imapec.formation@gmail.com\">imapec.formation@gmail.com<\/a><\/strong> ou <strong><a href=\"mailto:tracesdepierre@gmail.com\">tracesdepierre@gmail.com<\/a><\/strong><\/p>\n\n\n\n<p>Page mise \u00e0 jour le 14\/01\/2026<\/p>\n\n\n\n<p><\/p>\n\n\n\n<p><em>cr\u00e9dits photos : M\u00e9lanie RANVAL<\/em> <\/p>\n","protected":false},"excerpt":{"rendered":"<p>Stage de d\u00e9couverte et initiation \u00e0 l&#8217;\u00e9maillage sur lave Stage 2 jours : les 7 et 8 mars 2026 (complet) Stage de d\u00e9couverte et initiation \u00e0 la gravure sur pierre Stage de 3 jours : les 1er, 2 et 3 avril 2026 Stage de d\u00e9couverte et initiation \u00e0 la sculpture sur pierre Stage de 2&hellip; <a href=\"https:\/\/tracesdepierre.com\/index.php\/decouverte-loisirs\/\" class=\"more-link\">Continue reading <span class=\"screen-reader-text\">Initiation\/D\u00e9couverte<\/span><\/a><\/p>\n","protected":false},"author":1,"featured_media":0,"parent":0,"menu_order":0,"comment_status":"closed","ping_status":"closed","template":"","meta":{"footnotes":""},"class_list":["post-104","page","type-page","status-publish","hentry","without-featured-image"],"_links":{"self":[{"href":"https:\/\/tracesdepierre.com\/index.php\/wp-json\/wp\/v2\/pages\/104","targetHints":{"allow":["GET"]}}],"collection":[{"href":"https:\/\/tracesdepierre.com\/index.php\/wp-json\/wp\/v2\/pages"}],"about":[{"href":"https:\/\/tracesdepierre.com\/index.php\/wp-json\/wp\/v2\/types\/page"}],"author":[{"embeddable":true,"href":"https:\/\/tracesdepierre.com\/index.php\/wp-json\/wp\/v2\/users\/1"}],"replies":[{"embeddable":true,"href":"https:\/\/tracesdepierre.com\/index.php\/wp-json\/wp\/v2\/comments?post=104"}],"version-history":[{"count":0,"href":"https:\/\/tracesdepierre.com\/index.php\/wp-json\/wp\/v2\/pages\/104\/revisions"}],"wp:attachment":[{"href":"https:\/\/tracesdepierre.com\/index.php\/wp-json\/wp\/v2\/media?parent=104"}],"curies":[{"name":"wp","href":"https:\/\/api.w.org\/{rel}","templated":true}]}}