{"id":134,"date":"2019-10-22T12:20:48","date_gmt":"2019-10-22T11:20:48","guid":{"rendered":"https:\/\/imapectracesdepierre.wordpress.com\/?page_id=134"},"modified":"2019-10-22T12:20:48","modified_gmt":"2019-10-22T11:20:48","slug":"la-structure","status":"publish","type":"page","link":"https:\/\/tracesdepierre.com\/index.php\/la-structure\/","title":{"rendered":"La structure"},"content":{"rendered":"\n<div class=\"wp-block-group\"><div class=\"wp-block-group__inner-container is-layout-flow wp-block-group-is-layout-flow\">\n<hr class=\"wp-block-separator has-css-opacity\" \/>\n\n\n\n<h3 id=\"les-batiments\" class=\"wp-block-heading\">Les b\u00e2timents<\/h3>\n\n\n\n<p>L&#8217;\u00e9cole est install\u00e9e depuis 1820 dans ces m\u00eames locaux !<\/p>\n\n\n\n<p>Les b\u00e2timents et les flux sont mis \u00e0 disposition gracieusement par la municipalit\u00e9 de Volvic par le biais d&#8217;une convention de mise \u00e0 disposition qui perdure depuis de tr\u00e8s nombreuses ann\u00e9es.<\/p>\n\n\n\n<figure class=\"wp-block-image size-large\"><img decoding=\"async\" src=\"https:\/\/imapectracesdepierre.wordpress.com\/wp-content\/uploads\/2022\/03\/img_20210607_102347.jpg?w=1024\" alt=\"\" class=\"wp-image-758\" \/><\/figure>\n<\/div><\/div>\n\n\n\n<figure class=\"wp-block-image size-large\"><img decoding=\"async\" src=\"https:\/\/imapectracesdepierre.wordpress.com\/wp-content\/uploads\/2025\/04\/img_20210607_103152.jpg?w=1024\" alt=\"\" class=\"wp-image-1140\" \/><\/figure>\n\n\n\n<hr class=\"wp-block-separator has-css-opacity\" \/>\n\n\n\n<h3 id=\"les-moyens-pedagogiques\" class=\"wp-block-heading\">Les moyens p\u00e9dagogiques<\/h3>\n\n\n\n<p>L&#8217;\u00e9cole dispose d&#8217;une grande salle pour les cours g\u00e9n\u00e9raux, d&#8217;une salle de dessin et d&#8217;une salle informatique.<\/p>\n\n\n\n<p>Vous trouverez un atelier \u00e9maillage avec cabine d&#8217;\u00e9maillage, ch\u00e2ssis d&#8217;insolation s\u00e9rigraphique et fours. L&#8217;\u00e9cole dispose \u00e9galement d&#8217;un atelier de taille de pierre, d&#8217;un atelier de gravure sur pierre et de sculpture sur pierre ainsi que d&#8217;un atelier de modelage\/moulage.<\/p>\n\n\n\n<p>Une une biblioth\u00e8que sp\u00e9cialis\u00e9e est disponible ainsi qu&#8217;une importante collection de mod\u00e8les de r\u00e9f\u00e9rences en pl\u00e2tre, de r\u00e9alisation en lave, d&#8217;une collection d&#8217;outillage ancien et de tout l&#8217;outillage (manuel, \u00e9lectroportatif et pneumatique) indispensable aux formations.<\/p>\n\n\n\n<p>Tous les mat\u00e9riaux et produits n\u00e9cessaires aux formations sont fournis. L&#8217;\u00e9cole met \u00e0 disposition des stagiaires une salle r\u00e9fectoire \u00e9quip\u00e9e (r\u00e9frig\u00e9rateur, four, micro onde, machine \u00e0 caf\u00e9, vaisselle) pour le repas de midi.<\/p>\n\n\n\n<div class=\"wp-block-group\"><div class=\"wp-block-group__inner-container is-layout-flow wp-block-group-is-layout-flow\">\n<div class=\"wp-block-jetpack-slideshow aligncenter\" data-effect=\"slide\"><div class=\"wp-block-jetpack-slideshow_container swiper\"><ul class=\"wp-block-jetpack-slideshow_swiper-wrapper swiper-wrapper\"><li class=\"wp-block-jetpack-slideshow_slide swiper-slide\"><figure><img decoding=\"async\" alt=\"\" class=\"wp-block-jetpack-slideshow_image wp-image-229\" data-id=\"229\" src=\"https:\/\/imapectracesdepierre.wordpress.com\/wp-content\/uploads\/2019\/10\/dsc_0297-1.jpg?w=1024\" \/><\/figure><\/li><li class=\"wp-block-jetpack-slideshow_slide swiper-slide\"><figure><img loading=\"lazy\" decoding=\"async\" width=\"1000\" height=\"650\" alt=\"\" class=\"wp-block-jetpack-slideshow_image wp-image-314\" data-id=\"314\" src=\"https:\/\/imapectracesdepierre.wordpress.com\/wp-content\/uploads\/2019\/10\/atelier-de-sculpture-1.jpg?w=1000\" srcset=\"https:\/\/tracesdepierre.com\/wp-content\/uploads\/2019\/10\/atelier-de-sculpture-1.jpg 1000w, https:\/\/tracesdepierre.com\/wp-content\/uploads\/2019\/10\/atelier-de-sculpture-1-300x195.jpg 300w, https:\/\/tracesdepierre.com\/wp-content\/uploads\/2019\/10\/atelier-de-sculpture-1-768x499.jpg 768w\" sizes=\"auto, (max-width: 1000px) 100vw, 1000px\" \/><\/figure><\/li><li class=\"wp-block-jetpack-slideshow_slide swiper-slide\"><figure><img loading=\"lazy\" decoding=\"async\" width=\"640\" height=\"480\" alt=\"\" class=\"wp-block-jetpack-slideshow_image wp-image-315\" data-id=\"315\" src=\"https:\/\/imapectracesdepierre.wordpress.com\/wp-content\/uploads\/2019\/10\/atelier-c3a9maillage.jpg?w=640\" srcset=\"https:\/\/tracesdepierre.com\/wp-content\/uploads\/2019\/10\/atelier-c3a9maillage.jpg 640w, https:\/\/tracesdepierre.com\/wp-content\/uploads\/2019\/10\/atelier-c3a9maillage-300x225.jpg 300w\" sizes=\"auto, (max-width: 640px) 100vw, 640px\" \/><\/figure><\/li><li class=\"wp-block-jetpack-slideshow_slide swiper-slide\"><figure><img loading=\"lazy\" decoding=\"async\" width=\"900\" height=\"655\" alt=\"\" class=\"wp-block-jetpack-slideshow_image wp-image-316\" data-id=\"316\" src=\"https:\/\/imapectracesdepierre.wordpress.com\/wp-content\/uploads\/2019\/10\/salle-de-cours.jpg?w=900\" srcset=\"https:\/\/tracesdepierre.com\/wp-content\/uploads\/2019\/10\/salle-de-cours.jpg 900w, https:\/\/tracesdepierre.com\/wp-content\/uploads\/2019\/10\/salle-de-cours-300x218.jpg 300w, https:\/\/tracesdepierre.com\/wp-content\/uploads\/2019\/10\/salle-de-cours-768x559.jpg 768w\" sizes=\"auto, (max-width: 900px) 100vw, 900px\" \/><\/figure><\/li><li class=\"wp-block-jetpack-slideshow_slide swiper-slide\"><figure><img loading=\"lazy\" decoding=\"async\" width=\"1000\" height=\"665\" alt=\"\" class=\"wp-block-jetpack-slideshow_image wp-image-317\" data-id=\"317\" src=\"https:\/\/imapectracesdepierre.wordpress.com\/wp-content\/uploads\/2019\/10\/salle-de-dessin-2.jpg?w=1000\" srcset=\"https:\/\/tracesdepierre.com\/wp-content\/uploads\/2019\/10\/salle-de-dessin-2.jpg 1000w, https:\/\/tracesdepierre.com\/wp-content\/uploads\/2019\/10\/salle-de-dessin-2-300x200.jpg 300w, https:\/\/tracesdepierre.com\/wp-content\/uploads\/2019\/10\/salle-de-dessin-2-768x511.jpg 768w\" sizes=\"auto, (max-width: 1000px) 100vw, 1000px\" \/><\/figure><\/li><\/ul><a class=\"wp-block-jetpack-slideshow_button-prev swiper-button-prev swiper-button-white\" role=\"button\"><\/a><a class=\"wp-block-jetpack-slideshow_button-next swiper-button-next swiper-button-white\" role=\"button\"><\/a><a aria-label=\"Pause Slideshow\" class=\"wp-block-jetpack-slideshow_button-pause\" role=\"button\"><\/a><div class=\"wp-block-jetpack-slideshow_pagination swiper-pagination swiper-pagination-white\"><\/div><\/div><\/div>\n<\/div><\/div>\n\n\n\n<hr class=\"wp-block-separator has-css-opacity\" \/>\n\n\n\n<h3 id=\"l-equipe-intervenante\" class=\"wp-block-heading\">L&#8217;\u00e9quipe intervenante<\/h3>\n\n\n\n<p>L&#8217;imapec dispose d&#8217;un panel de personnes ressources qu&#8217;elle emploie en fonction des formations propos\u00e9es. Un certain nombre d&#8217;intervenants, tous professionnels dans leur sp\u00e9cialit\u00e9, constitue la base de l&#8217;\u00e9quipe p\u00e9dagogique.<\/p>\n\n\n\n<p><strong>Laurence Castani\u00e9<\/strong> (<em>Lo Cast<\/em> &#8211; Emailleuse sur lave) est responsable de la formation en \u00e9maillage sur lave.<\/p>\n\n\n\n<p><strong>Nicolas Clayette<\/strong> (tailleur de pierre, graveur sur pierre, sculpteur sur pierre) est responsable de la formation en gravure sur pierre et en taille de pierre. Il assure les cours de technologie, de dessin de la lettre et de calligraphie.<\/p>\n\n\n\n<p><strong>Pierre Boy<\/strong> (graveur sur pierre, sculpteur sur pierre) assure l&#8217;enseignement de la formation en gravure sur pierre et en sculpture sur pierre.<\/p>\n\n\n\n<p><strong>Lionel Couture<\/strong> (sculpteur sur pierre) assure l&#8217;enseignement en sculpture sur pierre.<\/p>\n\n\n\n<p><strong>Isabelle Morange<\/strong> assure l&#8217;enseignement du dessin et de la couleur, ainsi que du modelage.<\/p>\n\n\n\n<p><strong>Marielle Beurier-Nony<\/strong> assure les cours de composition graphique et arts appliqu\u00e9s.<\/p>\n\n\n\n<p><strong>Isabelle MORANGE<\/strong> et <strong>Herv\u00e9 BREHIER<\/strong> assurent les cours de dessin et modelage<\/p>\n\n\n\n<p><\/p>\n\n\n\n<figure class=\"wp-block-image size-large\"><img loading=\"lazy\" decoding=\"async\" width=\"1240\" height=\"1244\" src=\"https:\/\/imapectracesdepierre.wordpress.com\/wp-content\/uploads\/2021\/03\/reussite-examen.jpg?w=1021\" alt=\"\" class=\"wp-image-496\" srcset=\"https:\/\/tracesdepierre.com\/wp-content\/uploads\/2021\/03\/reussite-examen.jpg 1240w, https:\/\/tracesdepierre.com\/wp-content\/uploads\/2021\/03\/reussite-examen-300x300.jpg 300w, https:\/\/tracesdepierre.com\/wp-content\/uploads\/2021\/03\/reussite-examen-1021x1024.jpg 1021w, https:\/\/tracesdepierre.com\/wp-content\/uploads\/2021\/03\/reussite-examen-150x150.jpg 150w, https:\/\/tracesdepierre.com\/wp-content\/uploads\/2021\/03\/reussite-examen-768x770.jpg 768w\" sizes=\"auto, (max-width: 1240px) 100vw, 1240px\" \/><\/figure>\n\n\n\n<hr class=\"wp-block-separator has-css-opacity\" \/>\n\n\n\n<figure class=\"wp-block-image size-large\"><img decoding=\"async\" src=\"https:\/\/imapectracesdepierre.wordpress.com\/wp-content\/uploads\/2024\/03\/referent-handicap-1.jpg?w=801\" alt=\"\" class=\"wp-image-1060\" \/><\/figure>\n\n\n\n<h3 id=\"les-partenaires\" class=\"wp-block-heading\">Les partenaires<\/h3>\n\n\n\n<div class=\"wp-block-jetpack-slideshow aligncenter\" data-autoplay=\"true\" data-delay=\"2\" data-effect=\"slide\" style=\"--aspect-ratio:calc(978 \/ 422)\"><div class=\"wp-block-jetpack-slideshow_container swiper\"><ul class=\"wp-block-jetpack-slideshow_swiper-wrapper swiper-wrapper\"><li class=\"wp-block-jetpack-slideshow_slide swiper-slide\"><figure><img decoding=\"async\" alt=\"\" class=\"wp-block-jetpack-slideshow_image wp-image-330\" data-id=\"330\" data-aspect-ratio=\"978 \/ 422\" src=\"https:\/\/imapectracesdepierre.wordpress.com\/wp-content\/uploads\/2019\/10\/logo-agefiph-1024x443-978x422.jpg\" \/><\/figure><\/li><li class=\"wp-block-jetpack-slideshow_slide swiper-slide\"><figure><img decoding=\"async\" alt=\"\" class=\"wp-block-jetpack-slideshow_image wp-image-331\" data-id=\"331\" data-aspect-ratio=\"642 \/ 360\" src=\"https:\/\/imapectracesdepierre.wordpress.com\/wp-content\/uploads\/2019\/10\/logo_ara_partenaire-rvb_typogris-pastillebleue-642x360.png\" \/><\/figure><\/li><li class=\"wp-block-jetpack-slideshow_slide swiper-slide\"><figure><img loading=\"lazy\" decoding=\"async\" width=\"2026\" height=\"982\" alt=\"\" class=\"wp-block-jetpack-slideshow_image wp-image-333\" data-id=\"333\" data-aspect-ratio=\"2026 \/ 982\" src=\"https:\/\/imapectracesdepierre.wordpress.com\/wp-content\/uploads\/2019\/10\/logo-4.jpg\" srcset=\"https:\/\/tracesdepierre.com\/wp-content\/uploads\/2019\/10\/logo-4.jpg 2026w, https:\/\/tracesdepierre.com\/wp-content\/uploads\/2019\/10\/logo-4-300x145.jpg 300w, https:\/\/tracesdepierre.com\/wp-content\/uploads\/2019\/10\/logo-4-1024x496.jpg 1024w, https:\/\/tracesdepierre.com\/wp-content\/uploads\/2019\/10\/logo-4-768x372.jpg 768w, https:\/\/tracesdepierre.com\/wp-content\/uploads\/2019\/10\/logo-4-1536x744.jpg 1536w\" sizes=\"auto, (max-width: 2026px) 100vw, 2026px\" \/><\/figure><\/li><li class=\"wp-block-jetpack-slideshow_slide swiper-slide\"><figure><img loading=\"lazy\" decoding=\"async\" width=\"900\" height=\"900\" alt=\"\" class=\"wp-block-jetpack-slideshow_image wp-image-335\" data-id=\"335\" data-aspect-ratio=\"900 \/ 900\" src=\"https:\/\/imapectracesdepierre.wordpress.com\/wp-content\/uploads\/2019\/10\/unnamed.jpg\" srcset=\"https:\/\/tracesdepierre.com\/wp-content\/uploads\/2019\/10\/unnamed.jpg 900w, https:\/\/tracesdepierre.com\/wp-content\/uploads\/2019\/10\/unnamed-300x300.jpg 300w, https:\/\/tracesdepierre.com\/wp-content\/uploads\/2019\/10\/unnamed-150x150.jpg 150w, https:\/\/tracesdepierre.com\/wp-content\/uploads\/2019\/10\/unnamed-768x768.jpg 768w\" sizes=\"auto, (max-width: 900px) 100vw, 900px\" \/><\/figure><\/li><li class=\"wp-block-jetpack-slideshow_slide swiper-slide\"><figure><img loading=\"lazy\" decoding=\"async\" width=\"1546\" height=\"2061\" alt=\"\" class=\"wp-block-jetpack-slideshow_image wp-image-336\" data-id=\"336\" data-aspect-ratio=\"1546 \/ 2061\" src=\"https:\/\/imapectracesdepierre.wordpress.com\/wp-content\/uploads\/2019\/10\/direccte.jpg\" srcset=\"https:\/\/tracesdepierre.com\/wp-content\/uploads\/2019\/10\/direccte.jpg 1546w, https:\/\/tracesdepierre.com\/wp-content\/uploads\/2019\/10\/direccte-225x300.jpg 225w, https:\/\/tracesdepierre.com\/wp-content\/uploads\/2019\/10\/direccte-768x1024.jpg 768w, https:\/\/tracesdepierre.com\/wp-content\/uploads\/2019\/10\/direccte-1152x1536.jpg 1152w, https:\/\/tracesdepierre.com\/wp-content\/uploads\/2019\/10\/direccte-1536x2048.jpg 1536w\" sizes=\"auto, (max-width: 1546px) 100vw, 1546px\" \/><\/figure><\/li><li class=\"wp-block-jetpack-slideshow_slide swiper-slide\"><figure><img loading=\"lazy\" decoding=\"async\" width=\"400\" height=\"400\" alt=\"\" class=\"wp-block-jetpack-slideshow_image wp-image-528\" data-id=\"528\" data-aspect-ratio=\"400 \/ 400\" src=\"https:\/\/imapectracesdepierre.wordpress.com\/wp-content\/uploads\/2021\/05\/dvblbslz_400x400.jpg\" srcset=\"https:\/\/tracesdepierre.com\/wp-content\/uploads\/2021\/05\/dvblbslz_400x400.jpg 400w, https:\/\/tracesdepierre.com\/wp-content\/uploads\/2021\/05\/dvblbslz_400x400-300x300.jpg 300w, https:\/\/tracesdepierre.com\/wp-content\/uploads\/2021\/05\/dvblbslz_400x400-150x150.jpg 150w\" sizes=\"auto, (max-width: 400px) 100vw, 400px\" \/><\/figure><\/li><li class=\"wp-block-jetpack-slideshow_slide swiper-slide\"><figure><img loading=\"lazy\" decoding=\"async\" width=\"600\" height=\"239\" alt=\"\" class=\"wp-block-jetpack-slideshow_image wp-image-766\" data-id=\"766\" data-aspect-ratio=\"600 \/ 239\" src=\"https:\/\/imapectracesdepierre.wordpress.com\/wp-content\/uploads\/2022\/03\/france-competences-va-diffuser-des-logos-pour-identifier-les-certifications-professionnelles_share.jpg\" srcset=\"https:\/\/tracesdepierre.com\/wp-content\/uploads\/2022\/03\/france-competences-va-diffuser-des-logos-pour-identifier-les-certifications-professionnelles_share.jpg 600w, https:\/\/tracesdepierre.com\/wp-content\/uploads\/2022\/03\/france-competences-va-diffuser-des-logos-pour-identifier-les-certifications-professionnelles_share-300x120.jpg 300w\" sizes=\"auto, (max-width: 600px) 100vw, 600px\" \/><\/figure><\/li><li class=\"wp-block-jetpack-slideshow_slide swiper-slide\"><figure><img loading=\"lazy\" decoding=\"async\" width=\"780\" height=\"533\" alt=\"\" class=\"wp-block-jetpack-slideshow_image wp-image-767\" data-id=\"767\" data-aspect-ratio=\"780 \/ 533\" src=\"https:\/\/imapectracesdepierre.wordpress.com\/wp-content\/uploads\/2022\/03\/formation-eligibles-cpf-cours-par-correspondance-formation-e-learning-cpf.jpg\" srcset=\"https:\/\/tracesdepierre.com\/wp-content\/uploads\/2022\/03\/formation-eligibles-cpf-cours-par-correspondance-formation-e-learning-cpf.jpg 780w, https:\/\/tracesdepierre.com\/wp-content\/uploads\/2022\/03\/formation-eligibles-cpf-cours-par-correspondance-formation-e-learning-cpf-300x205.jpg 300w, https:\/\/tracesdepierre.com\/wp-content\/uploads\/2022\/03\/formation-eligibles-cpf-cours-par-correspondance-formation-e-learning-cpf-768x525.jpg 768w\" sizes=\"auto, (max-width: 780px) 100vw, 780px\" \/><\/figure><\/li><li class=\"wp-block-jetpack-slideshow_slide swiper-slide\"><figure><img decoding=\"async\" alt=\"\" class=\"wp-block-jetpack-slideshow_image wp-image-1130\" data-id=\"1130\" data-aspect-ratio=\"1354 \/ 794\" src=\"https:\/\/imapectracesdepierre.wordpress.com\/wp-content\/uploads\/2025\/04\/logo-france-travail.webp\" \/><\/figure><\/li><li class=\"wp-block-jetpack-slideshow_slide swiper-slide\"><figure><img decoding=\"async\" alt=\"\" class=\"wp-block-jetpack-slideshow_image wp-image-1132\" data-id=\"1132\" data-aspect-ratio=\"1920 \/ 1018\" src=\"https:\/\/imapectracesdepierre.wordpress.com\/wp-content\/uploads\/2025\/04\/institut-savoir-faire-francais.jpg\" \/><\/figure><\/li><li class=\"wp-block-jetpack-slideshow_slide swiper-slide\"><figure><img loading=\"lazy\" decoding=\"async\" width=\"600\" height=\"230\" alt=\"\" class=\"wp-block-jetpack-slideshow_image wp-image-776\" data-id=\"776\" data-aspect-ratio=\"600 \/ 230\" src=\"https:\/\/imapectracesdepierre.wordpress.com\/wp-content\/uploads\/2022\/03\/logo-qualiopi-ciag-600x230-1.png\" srcset=\"https:\/\/tracesdepierre.com\/wp-content\/uploads\/2022\/03\/logo-qualiopi-ciag-600x230-1.png 600w, https:\/\/tracesdepierre.com\/wp-content\/uploads\/2022\/03\/logo-qualiopi-ciag-600x230-1-300x115.png 300w\" sizes=\"auto, (max-width: 600px) 100vw, 600px\" \/><\/figure><\/li><\/ul><a class=\"wp-block-jetpack-slideshow_button-prev swiper-button-prev swiper-button-white\" role=\"button\"><\/a><a class=\"wp-block-jetpack-slideshow_button-next swiper-button-next swiper-button-white\" role=\"button\"><\/a><a aria-label=\"Pause Slideshow\" class=\"wp-block-jetpack-slideshow_button-pause\" role=\"button\"><\/a><div class=\"wp-block-jetpack-slideshow_pagination swiper-pagination swiper-pagination-white\"><\/div><\/div><\/div>\n\n\n\n<p> <em>cr\u00e9dits photos : M\u00e9lanie RANVAL<\/em><\/p>\n\n\n\n<p>Page mise \u00e0 jour le 08\/03\/2023<\/p>\n","protected":false},"excerpt":{"rendered":"<p>Les b\u00e2timents L&#8217;\u00e9cole est install\u00e9e depuis 1820 dans ces m\u00eames locaux ! Les b\u00e2timents et les flux sont mis \u00e0 disposition gracieusement par la municipalit\u00e9 de Volvic par le biais d&#8217;une convention de mise \u00e0 disposition qui perdure depuis de tr\u00e8s nombreuses ann\u00e9es. Les moyens p\u00e9dagogiques L&#8217;\u00e9cole dispose d&#8217;une grande salle pour les cours g\u00e9n\u00e9raux,&hellip; <a href=\"https:\/\/tracesdepierre.com\/index.php\/la-structure\/\" class=\"more-link\">Continue reading <span class=\"screen-reader-text\">La structure<\/span><\/a><\/p>\n","protected":false},"author":1,"featured_media":0,"parent":0,"menu_order":0,"comment_status":"closed","ping_status":"closed","template":"","meta":{"footnotes":""},"class_list":["post-134","page","type-page","status-publish","hentry","without-featured-image"],"_links":{"self":[{"href":"https:\/\/tracesdepierre.com\/index.php\/wp-json\/wp\/v2\/pages\/134","targetHints":{"allow":["GET"]}}],"collection":[{"href":"https:\/\/tracesdepierre.com\/index.php\/wp-json\/wp\/v2\/pages"}],"about":[{"href":"https:\/\/tracesdepierre.com\/index.php\/wp-json\/wp\/v2\/types\/page"}],"author":[{"embeddable":true,"href":"https:\/\/tracesdepierre.com\/index.php\/wp-json\/wp\/v2\/users\/1"}],"replies":[{"embeddable":true,"href":"https:\/\/tracesdepierre.com\/index.php\/wp-json\/wp\/v2\/comments?post=134"}],"version-history":[{"count":0,"href":"https:\/\/tracesdepierre.com\/index.php\/wp-json\/wp\/v2\/pages\/134\/revisions"}],"wp:attachment":[{"href":"https:\/\/tracesdepierre.com\/index.php\/wp-json\/wp\/v2\/media?parent=134"}],"curies":[{"name":"wp","href":"https:\/\/api.w.org\/{rel}","templated":true}]}}