{"id":162,"date":"2019-10-23T08:49:33","date_gmt":"2019-10-23T07:49:33","guid":{"rendered":"https:\/\/imapectracesdepierre.wordpress.com\/?page_id=162"},"modified":"2019-10-23T08:49:33","modified_gmt":"2019-10-23T07:49:33","slug":"imapec","status":"publish","type":"page","link":"https:\/\/tracesdepierre.com\/index.php\/imapec\/","title":{"rendered":""},"content":{"rendered":"\n<figure class=\"wp-block-image size-large\"><img decoding=\"async\" src=\"https:\/\/imapectracesdepierre.wordpress.com\/wp-content\/uploads\/2025\/05\/infos-preinscriptions.jpg?w=1024\" alt=\"\" class=\"wp-image-1212\" \/><\/figure>\n\n\n\n<h3 class=\"wp-block-heading\">Aux pieds des volcans d&#8217;AUVERGNE (patrimoine mondial de l&#8217;UNESCO), une \u00e9cole d&#8217;excellence aux M\u00e9tiers d&#8217;Art de la pierre et du feu :<\/h3>\n\n\n\n<h4 class=\"wp-block-heading has-text-align-center has-medium-font-size\"><strong><mark style=\"background-color:rgba(0, 0, 0, 0)\" class=\"has-inline-color has-dark-blue-color\">L&#8217;Institut des M\u00e9tiers d&#8217;Art de la Pierre Et de la Construction<\/mark><\/strong><\/h4>\n\n\n\n<p>g\u00e9r\u00e9e depuis 2009 par l&#8217;Association TRACES DE PIERRE<\/p>\n\n\n\n<p>&#8220;<em>Les m\u00e9tiers d&#8217;art repr\u00e9sentent un atout \u00e9conomique, social, artistique, culturel, patrimonial et touristique; ils sont une force pour l&#8217;\u00e9conomie et le rayonnement de la France<\/em>.&#8221; <strong>Aude TAHON<\/strong>, Pr\u00e9sidente d&#8217;<strong><em>Ateliers d&#8217;Art de France<\/em><\/strong><\/p>\n\n\n\n<div class=\"wp-block-jetpack-tiled-gallery aligncenter is-style-columns\"><div class=\"\"><div class=\"tiled-gallery__gallery\"><div class=\"tiled-gallery__row\"><div class=\"tiled-gallery__col\" style=\"flex-basis:33.33742%\"><figure class=\"tiled-gallery__item\"><img decoding=\"async\" alt=\"\" data-height=\"2000\" data-id=\"174\" data-link=\"https:\/\/imapectracesdepierre.wordpress.com\/dsc_0212-1\/\" data-url=\"https:\/\/imapectracesdepierre.wordpress.com\/wp-content\/uploads\/2019\/10\/dsc_0212-1.jpg\" data-width=\"3008\" src=\"https:\/\/imapectracesdepierre.wordpress.com\/wp-content\/uploads\/2019\/10\/dsc_0212-1.jpg\" role=\"button\" aria-label=\"Ouvrir l\u2019image 1 sur 3 en plein \u00e9cran\" \/><\/figure><\/div><div class=\"tiled-gallery__col\" style=\"flex-basis:33.33742%\"><figure class=\"tiled-gallery__item\"><img decoding=\"async\" alt=\"\" data-height=\"2000\" data-id=\"176\" data-link=\"https:\/\/imapectracesdepierre.wordpress.com\/dsc_0534\/\" data-url=\"https:\/\/imapectracesdepierre.wordpress.com\/wp-content\/uploads\/2019\/10\/dsc_0534.jpg\" data-width=\"3008\" src=\"https:\/\/imapectracesdepierre.wordpress.com\/wp-content\/uploads\/2019\/10\/dsc_0534.jpg\" role=\"button\" aria-label=\"Ouvrir l\u2019image 2 sur 3 en plein \u00e9cran\" \/><\/figure><\/div><div class=\"tiled-gallery__col\" style=\"flex-basis:33.32516%\"><figure class=\"tiled-gallery__item\"><img decoding=\"async\" alt=\"\" data-height=\"1307\" data-id=\"178\" data-link=\"https:\/\/imapectracesdepierre.wordpress.com\/dsc_0569\/\" data-url=\"https:\/\/imapectracesdepierre.wordpress.com\/wp-content\/uploads\/2019\/10\/dsc_0569.jpg\" data-width=\"1965\" src=\"https:\/\/imapectracesdepierre.wordpress.com\/wp-content\/uploads\/2019\/10\/dsc_0569.jpg\" role=\"button\" aria-label=\"Ouvrir l\u2019image 3 sur 3 en plein \u00e9cran\" \/><\/figure><\/div><\/div><\/div><\/div><\/div>\n\n\n\n<p class=\"has-text-align-center\">&#8220;<em>Acqu\u00e9rir des comp\u00e9tences, r\u00e9v\u00e9ler sa cr\u00e9ativit\u00e9 et viser l&#8217;excellence<\/em>.&#8221;<br><\/p>\n\n\n\n<p class=\"has-text-align-center\" style=\"line-height:1\"> L&#8217;IMAPEC (g\u00e9r\u00e9 depuis 2009 par l&#8217;Association TRACES DE PIERRE) <\/p>\n\n\n\n<p class=\"has-text-align-center\" style=\"line-height:1\">est l&#8217;exacte continuit\u00e9 de l&#8217;Ecole D\u00e9partementale d&#8217;Architecture  de Volvic (EDAV)<\/p>\n\n\n\n<p class=\"has-text-align-center\" style=\"line-height:1\"> fond\u00e9e en 1820 par le Pr\u00e9fet de Seine <\/p>\n\n\n\n<p class=\"has-text-align-center\" style=\"line-height:1\">Gilbert Joseph Gaspard  CHABROL de VOLVIC (1773-1843).<\/p>\n\n\n\n<p class=\"has-text-align-justify\"> Il s&#8217;agit d&#8217;un<strong> organisme de formation professionnelle<\/strong> qui a form\u00e9  quelques milliers de personnes, depuis sa cr\u00e9ation, dans le secteur des  m\u00e9tiers de la pierre : carriers, <strong>tailleurs\/euses de pierre, graveurs\/euses sur  pierre, sculpteurs\/trices sur pierre<\/strong> et, depuis 1990, <strong>\u00e9mailleurs\/euses sur lave<\/strong>.  <\/p>\n\n\n\n<p class=\"has-text-align-justify\">Depuis quelques ann\u00e9es, l&#8217;IMAPEC c&#8217;est aussi un <strong>lieu de d\u00e9couverte et d&#8217;initiation<\/strong> gr\u00e2ce \u00e0 la mise en place de stages de 2 \u00e0 5 jours (\u00e9maillage sur lave, gravure, sculpture, dessin d&#8217;art, modelage&#8230;).<\/p>\n\n\n\n<figure class=\"wp-block-image size-large\"><img decoding=\"async\" src=\"https:\/\/imapectracesdepierre.wordpress.com\/wp-content\/uploads\/2025\/05\/depliant-presantation-ecole-et-formation-21-juin-2-02.png?w=1024\" alt=\"\" class=\"wp-image-1208\" \/><\/figure>\n\n\n\n<hr class=\"wp-block-separator has-css-opacity\" \/>\n\n\n\n<figure class=\"wp-block-image size-large\"><img loading=\"lazy\" decoding=\"async\" width=\"600\" height=\"230\" src=\"https:\/\/imapectracesdepierre.wordpress.com\/wp-content\/uploads\/2022\/03\/logo-qualiopi-ciag-600x230-1.png?w=600\" alt=\"\" class=\"wp-image-776\" srcset=\"https:\/\/tracesdepierre.com\/wp-content\/uploads\/2022\/03\/logo-qualiopi-ciag-600x230-1.png 600w, https:\/\/tracesdepierre.com\/wp-content\/uploads\/2022\/03\/logo-qualiopi-ciag-600x230-1-300x115.png 300w\" sizes=\"auto, (max-width: 600px) 100vw, 600px\" \/><\/figure>\n\n\n\n<p class=\"has-text-align-center\"><em>&#8220;R\u00e9aliser, fa\u00e7onner, c&#8217;est se r\u00e9aliser, se fa\u00e7onner&#8221;<\/em><\/p>\n\n\n\n<hr class=\"wp-block-separator has-css-opacity\" \/>\n\n\n\n<div class=\"wp-block-jetpack-tiled-gallery aligncenter is-style-columns\"><div class=\"\"><div class=\"tiled-gallery__gallery\"><div class=\"tiled-gallery__row\"><div class=\"tiled-gallery__col\" style=\"flex-basis:22.83343%\"><figure class=\"tiled-gallery__item\"><img decoding=\"async\" alt=\"\" data-height=\"1888\" data-id=\"394\" data-link=\"https:\/\/imapectracesdepierre.wordpress.com\/gravure-4-pierre-boy\/\" data-url=\"https:\/\/imapectracesdepierre.wordpress.com\/wp-content\/uploads\/2020\/01\/gravure-4-pierre-boy.jpg\" data-width=\"3180\" src=\"https:\/\/imapectracesdepierre.wordpress.com\/wp-content\/uploads\/2020\/01\/gravure-4-pierre-boy.jpg\" role=\"button\" aria-label=\"Ouvrir l\u2019image 1 sur 10 en plein \u00e9cran\" \/><\/figure><figure class=\"tiled-gallery__item\"><img decoding=\"async\" alt=\"\" data-height=\"2554\" data-id=\"391\" data-link=\"https:\/\/imapectracesdepierre.wordpress.com\/14012016-mrp_8689-2\/\" data-url=\"https:\/\/imapectracesdepierre.wordpress.com\/wp-content\/uploads\/2020\/01\/14012016-mrp_8689.jpg\" data-width=\"3845\" src=\"https:\/\/imapectracesdepierre.wordpress.com\/wp-content\/uploads\/2020\/01\/14012016-mrp_8689.jpg\" role=\"button\" aria-label=\"Ouvrir l\u2019image 2 sur 10 en plein \u00e9cran\" \/><\/figure><figure class=\"tiled-gallery__item\"><img decoding=\"async\" alt=\"\" data-height=\"655\" data-id=\"316\" data-link=\"https:\/\/imapectracesdepierre.wordpress.com\/salle-de-cours\/\" data-url=\"https:\/\/imapectracesdepierre.wordpress.com\/wp-content\/uploads\/2019\/10\/salle-de-cours.jpg\" data-width=\"900\" src=\"https:\/\/imapectracesdepierre.wordpress.com\/wp-content\/uploads\/2019\/10\/salle-de-cours.jpg\" role=\"button\" aria-label=\"Ouvrir l\u2019image 3 sur 10 en plein \u00e9cran\" \/><\/figure><figure class=\"tiled-gallery__item\"><img decoding=\"async\" alt=\"\" data-height=\"2646\" data-id=\"286\" data-link=\"https:\/\/imapectracesdepierre.wordpress.com\/dsc_0581\/\" data-url=\"https:\/\/imapectracesdepierre.wordpress.com\/wp-content\/uploads\/2019\/10\/dsc_0581.jpg\" data-width=\"1759\" src=\"https:\/\/imapectracesdepierre.wordpress.com\/wp-content\/uploads\/2019\/10\/dsc_0581.jpg\" role=\"button\" aria-label=\"Ouvrir l\u2019image 4 sur 10 en plein \u00e9cran\" \/><\/figure><\/div><div class=\"tiled-gallery__col\" style=\"flex-basis:38.09334%\"><figure class=\"tiled-gallery__item\"><img decoding=\"async\" alt=\"\" data-height=\"2000\" data-id=\"248\" data-link=\"https:\/\/imapectracesdepierre.wordpress.com\/dsc_0471-2\/\" data-url=\"https:\/\/imapectracesdepierre.wordpress.com\/wp-content\/uploads\/2019\/10\/dsc_0471-2.jpg\" data-width=\"3008\" src=\"https:\/\/imapectracesdepierre.wordpress.com\/wp-content\/uploads\/2019\/10\/dsc_0471-2.jpg\" role=\"button\" aria-label=\"Ouvrir l\u2019image 5 sur 10 en plein \u00e9cran\" \/><\/figure><figure class=\"tiled-gallery__item\"><img decoding=\"async\" alt=\"\" data-height=\"1972\" data-id=\"200\" data-link=\"https:\/\/imapectracesdepierre.wordpress.com\/dsc_0481-1\/\" data-url=\"https:\/\/imapectracesdepierre.wordpress.com\/wp-content\/uploads\/2019\/10\/dsc_0481-1.jpg\" data-width=\"2966\" src=\"https:\/\/imapectracesdepierre.wordpress.com\/wp-content\/uploads\/2019\/10\/dsc_0481-1.jpg\" role=\"button\" aria-label=\"Ouvrir l\u2019image 6 sur 10 en plein \u00e9cran\" \/><\/figure><figure class=\"tiled-gallery__item\"><img decoding=\"async\" alt=\"\" data-height=\"720\" data-id=\"187\" data-link=\"https:\/\/imapectracesdepierre.wordpress.com\/66416137_10214835815117712_5565675435431297024_n\/\" data-url=\"https:\/\/imapectracesdepierre.wordpress.com\/wp-content\/uploads\/2019\/10\/66416137_10214835815117712_5565675435431297024_n.jpg\" data-width=\"960\" src=\"https:\/\/imapectracesdepierre.wordpress.com\/wp-content\/uploads\/2019\/10\/66416137_10214835815117712_5565675435431297024_n.jpg\" role=\"button\" aria-label=\"Ouvrir l\u2019image 7 sur 10 en plein \u00e9cran\" \/><\/figure><\/div><div class=\"tiled-gallery__col\" style=\"flex-basis:39.07322%\"><figure class=\"tiled-gallery__item\"><img decoding=\"async\" alt=\"\" data-height=\"2000\" data-id=\"67\" data-link=\"https:\/\/imapectracesdepierre.wordpress.com\/dsc_0229\/\" data-url=\"https:\/\/imapectracesdepierre.wordpress.com\/wp-content\/uploads\/2019\/10\/dsc_0229.jpg\" data-width=\"3008\" src=\"https:\/\/imapectracesdepierre.wordpress.com\/wp-content\/uploads\/2019\/10\/dsc_0229.jpg\" role=\"button\" aria-label=\"Ouvrir l\u2019image 8 sur 10 en plein \u00e9cran\" \/><\/figure><figure class=\"tiled-gallery__item\"><img decoding=\"async\" alt=\"\" data-height=\"551\" data-id=\"54\" data-link=\"https:\/\/imapectracesdepierre.wordpress.com\/graveuse\/\" data-url=\"https:\/\/imapectracesdepierre.wordpress.com\/wp-content\/uploads\/2019\/10\/graveuse.jpg\" data-width=\"793\" src=\"https:\/\/imapectracesdepierre.wordpress.com\/wp-content\/uploads\/2019\/10\/graveuse.jpg\" role=\"button\" aria-label=\"Ouvrir l\u2019image 9 sur 10 en plein \u00e9cran\" \/><\/figure><figure class=\"tiled-gallery__item\"><img decoding=\"async\" alt=\"\" data-height=\"1067\" data-id=\"12\" data-link=\"https:\/\/imapectracesdepierre.wordpress.com\/placeholder-image-5\/\" data-url=\"https:\/\/imapectracesdepierre.wordpress.com\/wp-content\/uploads\/2019\/10\/cashual-meeting.jpg\" data-width=\"1600\" src=\"https:\/\/imapectracesdepierre.wordpress.com\/wp-content\/uploads\/2019\/10\/cashual-meeting.jpg\" role=\"button\" aria-label=\"Ouvrir l\u2019image 10 sur 10 en plein \u00e9cran\" \/><\/figure><\/div><\/div><\/div><\/div><\/div>\n\n\n\n<p class=\"has-drop-cap has-text-align-left has-dark-gray-color has-text-color has-background\" style=\"background:radial-gradient(rgb(238,238,238) 0%,rgb(169,184,195) 100%);font-size:18px;line-height:1.9\"><strong>Les sessions 2025-2026<\/strong> de formations professionnelles en taille, gravure et \u00e9maillage sont programm\u00e9es. Afin d&#8217;obtenir le programme, le calendrier et le devis des formations, merci de nous contacter par mail \u00e0 <strong>tracesdepierre@gmail.com<\/strong>, en nous communiquant un n\u00b0 de t\u00e9l\u00e9phone, afin que nous puissions mieux d\u00e9finir ensemble votre projet et votre attente et vous orienter vers un dispositif individuel adapt\u00e9.<\/p>\n\n\n\n<div class=\"wp-block-jetpack-slideshow aligncenter\" data-autoplay=\"true\" data-delay=\"2\" data-effect=\"slide\"><div class=\"wp-block-jetpack-slideshow_container swiper-container\"><ul class=\"wp-block-jetpack-slideshow_swiper-wrapper swiper-wrapper\"><li class=\"wp-block-jetpack-slideshow_slide swiper-slide\"><figure><img loading=\"lazy\" decoding=\"async\" width=\"1161\" height=\"871\" alt=\"\" class=\"wp-block-jetpack-slideshow_image wp-image-425\" data-id=\"425\" src=\"https:\/\/imapectracesdepierre.wordpress.com\/wp-content\/uploads\/2020\/06\/0.jpg?w=825\" srcset=\"https:\/\/tracesdepierre.com\/wp-content\/uploads\/2020\/06\/0.jpg 1161w, https:\/\/tracesdepierre.com\/wp-content\/uploads\/2020\/06\/0-300x225.jpg 300w, https:\/\/tracesdepierre.com\/wp-content\/uploads\/2020\/06\/0-1024x768.jpg 1024w, https:\/\/tracesdepierre.com\/wp-content\/uploads\/2020\/06\/0-768x576.jpg 768w\" sizes=\"auto, (max-width: 1161px) 100vw, 1161px\" \/><\/figure><\/li><li class=\"wp-block-jetpack-slideshow_slide swiper-slide\"><figure><img decoding=\"async\" alt=\"\" class=\"wp-block-jetpack-slideshow_image wp-image-392\" data-id=\"392\" src=\"https:\/\/imapectracesdepierre.wordpress.com\/wp-content\/uploads\/2020\/01\/14012016-mrp_8689-1.jpg?w=825\" \/><\/figure><\/li><li class=\"wp-block-jetpack-slideshow_slide swiper-slide\"><figure><img loading=\"lazy\" decoding=\"async\" width=\"1522\" height=\"1575\" alt=\"\" class=\"wp-block-jetpack-slideshow_image wp-image-388\" data-id=\"388\" src=\"https:\/\/imapectracesdepierre.wordpress.com\/wp-content\/uploads\/2020\/01\/gravure-8.jpg?w=825\" srcset=\"https:\/\/tracesdepierre.com\/wp-content\/uploads\/2020\/01\/gravure-8.jpg 1522w, https:\/\/tracesdepierre.com\/wp-content\/uploads\/2020\/01\/gravure-8-290x300.jpg 290w, https:\/\/tracesdepierre.com\/wp-content\/uploads\/2020\/01\/gravure-8-990x1024.jpg 990w, https:\/\/tracesdepierre.com\/wp-content\/uploads\/2020\/01\/gravure-8-768x795.jpg 768w, https:\/\/tracesdepierre.com\/wp-content\/uploads\/2020\/01\/gravure-8-1484x1536.jpg 1484w\" sizes=\"auto, (max-width: 1522px) 100vw, 1522px\" \/><\/figure><\/li><li class=\"wp-block-jetpack-slideshow_slide swiper-slide\"><figure><img loading=\"lazy\" decoding=\"async\" width=\"1100\" height=\"1118\" alt=\"\" class=\"wp-block-jetpack-slideshow_image wp-image-303\" data-id=\"303\" src=\"https:\/\/imapectracesdepierre.wordpress.com\/wp-content\/uploads\/2019\/10\/c3a9maillage-2-1.jpg?w=825\" srcset=\"https:\/\/tracesdepierre.com\/wp-content\/uploads\/2019\/10\/c3a9maillage-2-1.jpg 1100w, https:\/\/tracesdepierre.com\/wp-content\/uploads\/2019\/10\/c3a9maillage-2-1-295x300.jpg 295w, https:\/\/tracesdepierre.com\/wp-content\/uploads\/2019\/10\/c3a9maillage-2-1-1008x1024.jpg 1008w, https:\/\/tracesdepierre.com\/wp-content\/uploads\/2019\/10\/c3a9maillage-2-1-768x781.jpg 768w\" sizes=\"auto, (max-width: 1100px) 100vw, 1100px\" \/><\/figure><\/li><li class=\"wp-block-jetpack-slideshow_slide swiper-slide\"><figure><img decoding=\"async\" alt=\"\" class=\"wp-block-jetpack-slideshow_image wp-image-301\" data-id=\"301\" src=\"https:\/\/imapectracesdepierre.wordpress.com\/wp-content\/uploads\/2019\/10\/dsc_0481-3.jpg?w=825\" \/><\/figure><\/li><li class=\"wp-block-jetpack-slideshow_slide swiper-slide\"><figure><img loading=\"lazy\" decoding=\"async\" width=\"1167\" height=\"940\" alt=\"\" class=\"wp-block-jetpack-slideshow_image wp-image-297\" data-id=\"297\" src=\"https:\/\/imapectracesdepierre.wordpress.com\/wp-content\/uploads\/2019\/10\/gravure-dornement-3-1.jpg?w=825\" srcset=\"https:\/\/tracesdepierre.com\/wp-content\/uploads\/2019\/10\/gravure-dornement-3-1.jpg 1167w, https:\/\/tracesdepierre.com\/wp-content\/uploads\/2019\/10\/gravure-dornement-3-1-300x242.jpg 300w, https:\/\/tracesdepierre.com\/wp-content\/uploads\/2019\/10\/gravure-dornement-3-1-1024x825.jpg 1024w, https:\/\/tracesdepierre.com\/wp-content\/uploads\/2019\/10\/gravure-dornement-3-1-768x619.jpg 768w\" sizes=\"auto, (max-width: 1167px) 100vw, 1167px\" \/><\/figure><\/li><li class=\"wp-block-jetpack-slideshow_slide swiper-slide\"><figure><img loading=\"lazy\" decoding=\"async\" width=\"398\" height=\"317\" alt=\"\" class=\"wp-block-jetpack-slideshow_image wp-image-273\" data-id=\"273\" src=\"https:\/\/imapectracesdepierre.wordpress.com\/wp-content\/uploads\/2019\/10\/taille-1.jpg?w=398\" srcset=\"https:\/\/tracesdepierre.com\/wp-content\/uploads\/2019\/10\/taille-1.jpg 398w, https:\/\/tracesdepierre.com\/wp-content\/uploads\/2019\/10\/taille-1-300x239.jpg 300w\" sizes=\"auto, (max-width: 398px) 100vw, 398px\" \/><\/figure><\/li><li class=\"wp-block-jetpack-slideshow_slide swiper-slide\"><figure><img decoding=\"async\" alt=\"\" class=\"wp-block-jetpack-slideshow_image wp-image-203\" data-id=\"203\" src=\"https:\/\/imapectracesdepierre.wordpress.com\/wp-content\/uploads\/2019\/10\/dsc_0421.jpg?w=825\" \/><\/figure><\/li><li class=\"wp-block-jetpack-slideshow_slide swiper-slide\"><figure><img decoding=\"async\" alt=\"\" class=\"wp-block-jetpack-slideshow_image wp-image-173\" data-id=\"173\" src=\"https:\/\/imapectracesdepierre.wordpress.com\/wp-content\/uploads\/2019\/10\/dsc_0212.jpg?w=825\" \/><\/figure><\/li><\/ul><a class=\"wp-block-jetpack-slideshow_button-prev swiper-button-prev swiper-button-white\" role=\"button\"><\/a><a class=\"wp-block-jetpack-slideshow_button-next swiper-button-next swiper-button-white\" role=\"button\"><\/a><a aria-label=\"Pause Slideshow\" class=\"wp-block-jetpack-slideshow_button-pause\" role=\"button\"><\/a><div class=\"wp-block-jetpack-slideshow_pagination swiper-pagination swiper-pagination-white\"><\/div><\/div><\/div>\n\n\n\n<p>TRACES DE PIERRE est une association cr\u00e9\u00e9e en 2009 pour r\u00e9pondre \u00e0 l&#8217;appel d&#8217;offre lanc\u00e9 par la mairie de Volvic afin d&#8217;assurer la gestion de l&#8217;\u00e9cole. <br>L&#8217;association est b\u00e9n\u00e9volement g\u00e9r\u00e9e par un groupe de professionnels des m\u00e9tiers d&#8217;art et de la pierre, tr\u00e8s engag\u00e9s dans son d\u00e9veloppement et sa renomm\u00e9e.<br>Les assistantes formation se chargent de r\u00e9pondre \u00e0 toutes vos questions et de vous conseiller dans vos d\u00e9marches.<\/p>\n\n\n\n<figure class=\"wp-block-image size-large\"><img decoding=\"async\" src=\"https:\/\/imapectracesdepierre.wordpress.com\/wp-content\/uploads\/2025\/05\/depliant-presantation-ecole-et-formation-21-juin-1_plan-de-travail-1-1.png?w=1024\" alt=\"\" class=\"wp-image-1209\" \/><\/figure>\n\n\n\n<p><br><strong><span style=\"text-decoration:underline\">Contact<\/span><\/strong><br>Du lundi au vendredi de 8h30 \u00e0 12h30 (en dehors des heures d&#8217;ouverture du secr\u00e9tariat, merci de laisser un message afin que nous puissions vous recontacter)<\/p>\n\n\n\n<p class=\"has-text-align-center\"><strong>IMAPEC &#8211; Traces de pierre &#8211; 20, place de l&#8217;\u00e9glise &#8211; 63530 VOLVIC<\/strong><\/p>\n\n\n\n<p>N&#8217;h\u00e9sitez par nous contacter par mail (en laissant vos NOM, pr\u00e9nom, et coordonn\u00e9es t\u00e9l\u00e9phoniques) afin que nous puissions vous recontacter :<\/p>\n\n\n\n<p class=\"has-text-align-center has-medium-font-size\"><strong><a href=\"mailto:imapec.formation@gmail.com\">imapec.formation@gmail.com<\/a><\/strong>  \/ <strong><a href=\"mailto:tracesdepierre@gmail.com\">tracesdepierre@gmail.com<\/a><\/strong><\/p>\n\n\n\n<h2 class=\"wp-block-heading has-text-align-center has-large-font-size\" id=\"04-73-33-60-67\" style=\"font-style:normal;font-weight:300\"><strong>04 73 33 60 67<\/strong>  <\/h2>\n\n\n\n<h2 class=\"wp-block-heading has-text-align-center has-large-font-size\" id=\"07-81-03-63-49\" style=\"font-style:normal;font-weight:300\"><strong>07 81 03 63 49 <\/strong>(Marielle BEURIER-NONY)<\/h2>\n\n\n\n<h2 class=\"wp-block-heading has-text-align-center has-large-font-size\" id=\"07-81-03-63-49\" style=\"font-style:normal;font-weight:300\"><strong> <\/strong>  <strong>07 44 72 63 10<\/strong> (Julia NAUD)<\/h2>\n\n\n\n<p><\/p>\n\n\n\n<div class=\"wp-block-group\"><div class=\"wp-block-group__inner-container is-layout-flow wp-block-group-is-layout-flow\">\n<figure class=\"wp-block-gallery has-nested-images columns-default is-cropped wp-block-gallery-1 is-layout-flex wp-block-gallery-is-layout-flex\">\n<figure class=\"wp-block-image size-large\"><img loading=\"lazy\" decoding=\"async\" width=\"784\" height=\"775\" data-id=\"423\" src=\"https:\/\/imapectracesdepierre.wordpress.com\/wp-content\/uploads\/2020\/01\/capture.png?w=784\" alt=\"\" class=\"wp-image-423\" srcset=\"https:\/\/tracesdepierre.com\/wp-content\/uploads\/2020\/01\/capture.png 784w, https:\/\/tracesdepierre.com\/wp-content\/uploads\/2020\/01\/capture-300x297.png 300w, https:\/\/tracesdepierre.com\/wp-content\/uploads\/2020\/01\/capture-768x759.png 768w\" sizes=\"auto, (max-width: 784px) 100vw, 784px\" \/><\/figure>\n<\/figure>\n<\/div><\/div>\n\n\n\n<p><span style=\"text-decoration:underline\"><em>cr\u00e9dits photos : M\u00e9lanie RANVAL<\/em><\/span><\/p>\n\n\n\n<p>Page mise \u00e0 jour le 19\/03\/2025<\/p>\n\n\n","protected":false},"excerpt":{"rendered":"<p>Aux pieds des volcans d&#8217;AUVERGNE (patrimoine mondial de l&#8217;UNESCO), une \u00e9cole d&#8217;excellence aux M\u00e9tiers d&#8217;Art de la pierre et du feu : L&#8217;Institut des M\u00e9tiers d&#8217;Art de la Pierre Et de la Construction g\u00e9r\u00e9e depuis 2009 par l&#8217;Association TRACES DE PIERRE &#8220;Les m\u00e9tiers d&#8217;art repr\u00e9sentent un atout \u00e9conomique, social, artistique, culturel, patrimonial et touristique; ils&hellip; <a href=\"https:\/\/tracesdepierre.com\/index.php\/imapec\/\" class=\"more-link\">Continue reading <span class=\"screen-reader-text\"><\/span><\/a><\/p>\n","protected":false},"author":1,"featured_media":0,"parent":0,"menu_order":0,"comment_status":"closed","ping_status":"closed","template":"","meta":{"footnotes":""},"class_list":["post-162","page","type-page","status-publish","hentry","without-featured-image"],"_links":{"self":[{"href":"https:\/\/tracesdepierre.com\/index.php\/wp-json\/wp\/v2\/pages\/162","targetHints":{"allow":["GET"]}}],"collection":[{"href":"https:\/\/tracesdepierre.com\/index.php\/wp-json\/wp\/v2\/pages"}],"about":[{"href":"https:\/\/tracesdepierre.com\/index.php\/wp-json\/wp\/v2\/types\/page"}],"author":[{"embeddable":true,"href":"https:\/\/tracesdepierre.com\/index.php\/wp-json\/wp\/v2\/users\/1"}],"replies":[{"embeddable":true,"href":"https:\/\/tracesdepierre.com\/index.php\/wp-json\/wp\/v2\/comments?post=162"}],"version-history":[{"count":0,"href":"https:\/\/tracesdepierre.com\/index.php\/wp-json\/wp\/v2\/pages\/162\/revisions"}],"wp:attachment":[{"href":"https:\/\/tracesdepierre.com\/index.php\/wp-json\/wp\/v2\/media?parent=162"}],"curies":[{"name":"wp","href":"https:\/\/api.w.org\/{rel}","templated":true}]}}