{"id":931,"date":"2023-08-08T09:02:17","date_gmt":"2023-08-08T08:02:17","guid":{"rendered":"https:\/\/imapectracesdepierre.wordpress.com\/?page_id=931"},"modified":"2023-08-08T09:02:17","modified_gmt":"2023-08-08T08:02:17","slug":"pressbook-liens","status":"publish","type":"page","link":"https:\/\/tracesdepierre.com\/index.php\/pressbook-liens\/","title":{"rendered":"Pressbook\/Liens"},"content":{"rendered":"\n<figure class=\"wp-block-embed is-type-video is-provider-youtube wp-block-embed-youtube wp-embed-aspect-16-9 wp-has-aspect-ratio\"><div class=\"wp-block-embed__wrapper\">\n<iframe loading=\"lazy\" title=\"La lave de volvic et l&#039;emaillage Emission France 3 Auvergne\" width=\"825\" height=\"464\" src=\"https:\/\/www.youtube.com\/embed\/wL24lF58ZJM?feature=oembed\" frameborder=\"0\" allow=\"accelerometer; autoplay; clipboard-write; encrypted-media; gyroscope; picture-in-picture; web-share\" referrerpolicy=\"strict-origin-when-cross-origin\" allowfullscreen><\/iframe>\n<\/div><figcaption class=\"wp-element-caption\">La lave de Volvic et l&#8217;\u00e9maillage &#8211; France 3 Auvergne<\/figcaption><\/figure>\n\n\n\n<figure class=\"wp-block-embed is-type-video is-provider-youtube wp-block-embed-youtube wp-embed-aspect-16-9 wp-has-aspect-ratio\"><div class=\"wp-block-embed__wrapper\">\n<iframe loading=\"lazy\" title=\"Connaissez-vous le m\u00e9tier d\u2019\u00e9mailleur sur lave ?\" width=\"825\" height=\"464\" src=\"https:\/\/www.youtube.com\/embed\/5Q-swkgsqLs?feature=oembed\" frameborder=\"0\" allow=\"accelerometer; autoplay; clipboard-write; encrypted-media; gyroscope; picture-in-picture; web-share\" referrerpolicy=\"strict-origin-when-cross-origin\" allowfullscreen><\/iframe>\n<\/div><figcaption class=\"wp-element-caption\">Reportage. Sonia RINALDI (ancienne \u00e9l\u00e8ve) &#8211; Emailleuse, Graveuse<\/figcaption><\/figure>\n\n\n\n<figure class=\"wp-block-embed is-type-video is-provider-youtube wp-block-embed-youtube wp-embed-aspect-16-9 wp-has-aspect-ratio\"><div class=\"wp-block-embed__wrapper\">\nhttps:\/\/www.youtube.com\/watch?v=8_jnG48Xsbc\n<\/div><figcaption class=\"wp-element-caption\">Alon Bat&#8217;kar\u00e9 \u00e0 Petite-\u00cele : la lave \u00e9maill\u00e9e \u00e0 l\u2019honneur !<\/figcaption><\/figure>\n\n\n\n<figure class=\"wp-block-embed is-type-video is-provider-youtube wp-block-embed-youtube wp-embed-aspect-16-9 wp-has-aspect-ratio\"><div class=\"wp-block-embed__wrapper\">\n<iframe loading=\"lazy\" title=\"Laurence Castani\u00e9 taille la pierre de lave de Volvic\" width=\"825\" height=\"464\" src=\"https:\/\/www.youtube.com\/embed\/2tCaql-W56s?feature=oembed\" frameborder=\"0\" allow=\"accelerometer; autoplay; clipboard-write; encrypted-media; gyroscope; picture-in-picture; web-share\" referrerpolicy=\"strict-origin-when-cross-origin\" allowfullscreen><\/iframe>\n<\/div><figcaption class=\"wp-element-caption\">Laurence CASTANI\u00c9<\/figcaption><\/figure>\n\n\n\n<figure class=\"wp-block-embed is-type-wp-embed is-provider-super-bougnat wp-block-embed-super-bougnat\"><div class=\"wp-block-embed__wrapper\">\n<blockquote class=\"wp-embedded-content\" data-secret=\"gslVbzLjSC\"><a href=\"https:\/\/superbougnat.fr\/invention-auvergnate-la-lave-emaillee\/\">Invention auvergnate : la lave \u00e9maill\u00e9e<\/a><\/blockquote><iframe loading=\"lazy\" class=\"wp-embedded-content\" sandbox=\"allow-scripts\" security=\"restricted\" style=\"position: absolute; clip: rect(1px, 1px, 1px, 1px);\" title=\"\u00ab\u00a0Invention auvergnate : la lave \u00e9maill\u00e9e\u00a0\u00bb &#8212; Super Bougnat\" src=\"https:\/\/superbougnat.fr\/invention-auvergnate-la-lave-emaillee\/embed\/#?secret=XAUlACBAbR#?secret=gslVbzLjSC\" data-secret=\"gslVbzLjSC\" width=\"600\" height=\"338\" frameborder=\"0\" marginwidth=\"0\" marginheight=\"0\" scrolling=\"no\"><\/iframe>\n<\/div><\/figure>\n","protected":false},"excerpt":{"rendered":"","protected":false},"author":1,"featured_media":0,"parent":0,"menu_order":0,"comment_status":"closed","ping_status":"closed","template":"","meta":{"footnotes":""},"class_list":["post-931","page","type-page","status-publish","hentry","without-featured-image"],"_links":{"self":[{"href":"https:\/\/tracesdepierre.com\/index.php\/wp-json\/wp\/v2\/pages\/931","targetHints":{"allow":["GET"]}}],"collection":[{"href":"https:\/\/tracesdepierre.com\/index.php\/wp-json\/wp\/v2\/pages"}],"about":[{"href":"https:\/\/tracesdepierre.com\/index.php\/wp-json\/wp\/v2\/types\/page"}],"author":[{"embeddable":true,"href":"https:\/\/tracesdepierre.com\/index.php\/wp-json\/wp\/v2\/users\/1"}],"replies":[{"embeddable":true,"href":"https:\/\/tracesdepierre.com\/index.php\/wp-json\/wp\/v2\/comments?post=931"}],"version-history":[{"count":0,"href":"https:\/\/tracesdepierre.com\/index.php\/wp-json\/wp\/v2\/pages\/931\/revisions"}],"wp:attachment":[{"href":"https:\/\/tracesdepierre.com\/index.php\/wp-json\/wp\/v2\/media?parent=931"}],"curies":[{"name":"wp","href":"https:\/\/api.w.org\/{rel}","templated":true}]}}